{"id":3087,"date":"2025-08-28T19:45:43","date_gmt":"2025-08-28T17:45:43","guid":{"rendered":"https:\/\/onxfire.me\/?page_id=3087"},"modified":"2025-08-30T17:37:04","modified_gmt":"2025-08-30T15:37:04","slug":"kontakt","status":"publish","type":"page","link":"https:\/\/onxfire.me\/?page_id=3087","title":{"rendered":"Kontakt"},"content":{"rendered":"\n<div class=\"wp-block-uagb-container uagb-block-bb7c659f alignfull uagb-is-root-container\"><div class=\"uagb-container-inner-blocks-wrap\">\n<hr class=\"wp-block-separator has-alpha-channel-opacity\"\/>\n\n\n\n<blockquote class=\"wp-block-quote has-text-align-left is-style-large is-layout-flow wp-block-quote-is-layout-flow\">\n<p>&#8222;<strong>Wenn wir tr\u00e4umen betreten wir eine Welt, die ganz und gar uns geh\u00f6rt<\/strong>.&#8220;<\/p>\n\n\n\n<p>&#8211;<em>Albus Dumbledore<\/em><\/p>\n<\/blockquote>\n\n\n\n<hr class=\"wp-block-separator has-alpha-channel-opacity\"\/>\n<\/div><\/div>\n\n\n\n<div class=\"wp-block-uagb-container uagb-block-ef05ce4a alignfull uagb-is-root-container\"><div class=\"uagb-container-inner-blocks-wrap\">\n<div class=\"wp-block-uagb-container uagb-block-48f546c4\">\n<p>Hey, ich bin <strong>onxfire<\/strong> \u2013 und ich brenne wirklich auf deine Meinung!<br>Ob Lobeshymne, konstruktive Kritik oder einfach nur ein guter Witz: Ich will\u2019s h\u00f6ren!<\/p>\n\n\n\n<p>Dein Feedback ist f\u00fcr mich wie Z\u00fcndstoff f\u00fcr neue Ideen \u2013 je mehr davon, desto besser.<br>Also hau in die Tasten und sag mir, was dir gef\u00e4llt, was ich noch besser machen kann oder was dir spontan einf\u00e4llt.<\/p>\n\n\n\n<p>\ud83d\udc49 Einfach das Formular nutzen und abschicken<\/p>\n<\/div>\n\n\n<div class=\"wpforms-container wpforms-block wpforms-block-eea3de26-6efb-4d06-9eb6-4acf750a68f0\" id=\"wpforms-6\"><form id=\"wpforms-form-6\" class=\"wpforms-validate wpforms-form\" data-formid=\"6\" method=\"post\" enctype=\"multipart\/form-data\" action=\"\/index.php?rest_route=%2Fwp%2Fv2%2Fpages%2F3087\" data-token=\"9d67fc6c25aad4f5a19642f1526dc8e7\" data-token-time=\"1776291892\"><noscript class=\"wpforms-error-noscript\">Bitte aktiviere JavaScript in deinem Browser, um dieses Formular fertigzustellen.<\/noscript><div class=\"wpforms-field-container\"><div id=\"wpforms-6-field_0-container\" class=\"wpforms-field wpforms-field-name\" data-field-id=\"0\"><label class=\"wpforms-field-label\" for=\"wpforms-6-field_0\">Name <span class=\"wpforms-required-label\">*<\/span><\/label><input type=\"text\" id=\"wpforms-6-field_0\" class=\"wpforms-field-large wpforms-field-required\" name=\"wpforms[fields][0]\" placeholder=\"Dein Name\" required><\/div><div id=\"wpforms-6-field_1-container\" class=\"wpforms-field wpforms-field-email\" data-field-id=\"1\"><label class=\"wpforms-field-label\" for=\"wpforms-6-field_1\">Email <span class=\"wpforms-required-label\">*<\/span><\/label><input type=\"email\" id=\"wpforms-6-field_1\" class=\"wpforms-field-large wpforms-field-required\" name=\"wpforms[fields][1]\" placeholder=\"Deine Email\" spellcheck=\"false\" required><\/div><div id=\"wpforms-6-field_5-container\" class=\"wpforms-field wpforms-field-number\" data-field-id=\"5\"><label class=\"wpforms-field-label\" for=\"wpforms-6-field_5\">Telefonnummer<\/label><input type=\"number\" id=\"wpforms-6-field_5\" class=\"wpforms-field-large\" name=\"wpforms[fields][5]\" placeholder=\"+43 664 123456\" step=\"any\" ><\/div><div id=\"wpforms-6-field_4-container\" class=\"wpforms-field wpforms-field-text\" data-field-id=\"4\"><label class=\"wpforms-field-label\" for=\"wpforms-6-field_4\">Betreff <span class=\"wpforms-required-label\">*<\/span><\/label><input type=\"text\" id=\"wpforms-6-field_4\" class=\"wpforms-field-large wpforms-field-required\" name=\"wpforms[fields][4]\" placeholder=\"Betreff\" required><\/div><div id=\"wpforms-6-field_2-container\" class=\"wpforms-field wpforms-field-textarea\" data-field-id=\"2\"><label class=\"wpforms-field-label\" for=\"wpforms-6-field_2\">Nachricht <span class=\"wpforms-required-label\">*<\/span><\/label><textarea id=\"wpforms-6-field_2\" class=\"wpforms-field-large wpforms-field-required\" name=\"wpforms[fields][2]\" placeholder=\"Nachricht\" required><\/textarea><\/div><\/div><!-- .wpforms-field-container --><div class=\"wpforms-field wpforms-field-hp\"><label for=\"wpforms-6-field-hp\" class=\"wpforms-field-label\">Email<\/label><input type=\"text\" name=\"wpforms[hp]\" id=\"wpforms-6-field-hp\" class=\"wpforms-field-medium\"><\/div><div class=\"wpforms-submit-container\" ><input type=\"hidden\" name=\"wpforms[id]\" value=\"6\"><input type=\"hidden\" name=\"page_title\" value=\"\"><input type=\"hidden\" name=\"page_url\" value=\"https:\/\/onxfire.me\/index.php?rest_route=\/wp\/v2\/pages\/3087\"><input type=\"hidden\" name=\"url_referer\" value=\"\"><button type=\"submit\" name=\"wpforms[submit]\" id=\"wpforms-submit-6\" class=\"wpforms-submit\" data-alt-text=\"Senden...\" data-submit-text=\"Nachricht absenden\" aria-live=\"assertive\" value=\"wpforms-submit\">Nachricht absenden<\/button><\/div><\/form><\/div>  <!-- .wpforms-container --><\/div><\/div>\n","protected":false},"excerpt":{"rendered":"<p>&#8222;Wenn wir tr\u00e4umen betreten wir eine Welt, die ganz und gar uns geh\u00f6rt.&#8220; &#8211;Albus Dumbledore Hey, ich bin onxfire \u2013 und ich brenne wirklich auf deine Meinung!Ob Lobeshymne, konstruktive Kritik oder einfach nur ein guter Witz: Ich will\u2019s h\u00f6ren! Dein Feedback ist f\u00fcr mich wie Z\u00fcndstoff f\u00fcr neue Ideen \u2013 je mehr davon, desto besser.Also [&hellip;]<\/p>\n","protected":false},"author":2,"featured_media":0,"parent":0,"menu_order":0,"comment_status":"closed","ping_status":"closed","template":"","meta":{"_uag_custom_page_level_css":"","_monsterinsights_skip_tracking":false,"_monsterinsights_sitenote_active":false,"_monsterinsights_sitenote_note":"","_monsterinsights_sitenote_category":0,"site-sidebar-layout":"default","site-content-layout":"","ast-site-content-layout":"default","site-content-style":"default","site-sidebar-style":"default","ast-global-header-display":"","ast-banner-title-visibility":"","ast-main-header-display":"","ast-hfb-above-header-display":"","ast-hfb-below-header-display":"","ast-hfb-mobile-header-display":"","site-post-title":"","ast-breadcrumbs-content":"","ast-featured-img":"","footer-sml-layout":"","ast-disable-related-posts":"","theme-transparent-header-meta":"","adv-header-id-meta":"","stick-header-meta":"","header-above-stick-meta":"","header-main-stick-meta":"","header-below-stick-meta":"","astra-migrate-meta-layouts":"set","ast-page-background-enabled":"default","ast-page-background-meta":{"desktop":{"background-color":"","background-image":"","background-repeat":"repeat","background-position":"center center","background-size":"auto","background-attachment":"scroll","background-type":"","background-media":"","overlay-type":"","overlay-color":"","overlay-opacity":"","overlay-gradient":""},"tablet":{"background-color":"","background-image":"","background-repeat":"repeat","background-position":"center center","background-size":"auto","background-attachment":"scroll","background-type":"","background-media":"","overlay-type":"","overlay-color":"","overlay-opacity":"","overlay-gradient":""},"mobile":{"background-color":"","background-image":"","background-repeat":"repeat","background-position":"center center","background-size":"auto","background-attachment":"scroll","background-type":"","background-media":"","overlay-type":"","overlay-color":"","overlay-opacity":"","overlay-gradient":""}},"ast-content-background-meta":{"desktop":{"background-color":"var(--ast-global-color-5)","background-image":"","background-repeat":"repeat","background-position":"center center","background-size":"auto","background-attachment":"scroll","background-type":"","background-media":"","overlay-type":"","overlay-color":"","overlay-opacity":"","overlay-gradient":""},"tablet":{"background-color":"var(--ast-global-color-5)","background-image":"","background-repeat":"repeat","background-position":"center center","background-size":"auto","background-attachment":"scroll","background-type":"","background-media":"","overlay-type":"","overlay-color":"","overlay-opacity":"","overlay-gradient":""},"mobile":{"background-color":"var(--ast-global-color-5)","background-image":"","background-repeat":"repeat","background-position":"center center","background-size":"auto","background-attachment":"scroll","background-type":"","background-media":"","overlay-type":"","overlay-color":"","overlay-opacity":"","overlay-gradient":""}},"footnotes":""},"class_list":["post-3087","page","type-page","status-publish","hentry"],"aioseo_notices":[],"_hostinger_reach_plugin_has_subscription_block":false,"_hostinger_reach_plugin_is_elementor":false,"uagb_featured_image_src":{"full":false,"thumbnail":false,"medium":false,"medium_large":false,"large":false,"1536x1536":false,"2048x2048":false},"uagb_author_info":{"display_name":"Florian","author_link":"https:\/\/onxfire.me\/?author=2"},"uagb_comment_info":0,"uagb_excerpt":"&#8222;Wenn wir tr\u00e4umen betreten wir eine Welt, die ganz und gar uns geh\u00f6rt.&#8220; &#8211;Albus Dumbledore Hey, ich bin onxfire \u2013 und ich brenne wirklich auf deine Meinung!Ob Lobeshymne, konstruktive Kritik oder einfach nur ein guter Witz: Ich will\u2019s h\u00f6ren! Dein Feedback ist f\u00fcr mich wie Z\u00fcndstoff f\u00fcr neue Ideen \u2013 je mehr davon, desto besser.Also&hellip;","_links":{"self":[{"href":"https:\/\/onxfire.me\/index.php?rest_route=\/wp\/v2\/pages\/3087","targetHints":{"allow":["GET"]}}],"collection":[{"href":"https:\/\/onxfire.me\/index.php?rest_route=\/wp\/v2\/pages"}],"about":[{"href":"https:\/\/onxfire.me\/index.php?rest_route=\/wp\/v2\/types\/page"}],"author":[{"embeddable":true,"href":"https:\/\/onxfire.me\/index.php?rest_route=\/wp\/v2\/users\/2"}],"replies":[{"embeddable":true,"href":"https:\/\/onxfire.me\/index.php?rest_route=%2Fwp%2Fv2%2Fcomments&post=3087"}],"version-history":[{"count":3,"href":"https:\/\/onxfire.me\/index.php?rest_route=\/wp\/v2\/pages\/3087\/revisions"}],"predecessor-version":[{"id":3375,"href":"https:\/\/onxfire.me\/index.php?rest_route=\/wp\/v2\/pages\/3087\/revisions\/3375"}],"wp:attachment":[{"href":"https:\/\/onxfire.me\/index.php?rest_route=%2Fwp%2Fv2%2Fmedia&parent=3087"}],"curies":[{"name":"wp","href":"https:\/\/api.w.org\/{rel}","templated":true}]}}